{"id":33,"date":"2024-12-09T11:17:21","date_gmt":"2024-12-09T11:17:21","guid":{"rendered":"https:\/\/www.para.com\/contact\/"},"modified":"2025-02-04T12:59:57","modified_gmt":"2025-02-04T12:59:57","slug":"contactez-nous","status":"publish","type":"page","link":"https:\/\/www.para.com\/fr\/contactez-nous\/","title":{"rendered":"Contactez-nous"},"content":{"rendered":"\n<div class=\"wp-block-group alignwide has-helvetica-neue-font-family has-global-padding is-content-justification-center is-layout-constrained wp-container-core-group-is-layout-25e44185 wp-block-group-is-layout-constrained\" style=\"padding-top:0;padding-right:0;padding-bottom:0;padding-left:0;letter-spacing:1px\">\n<div class=\"wp-block-group alignwide has-helvetica-neue-font-family has-global-padding is-layout-constrained wp-container-core-group-is-layout-303a2476 wp-block-group-is-layout-constrained\" style=\"padding-top:0;padding-bottom:var(--wp--preset--spacing--20)\">\n<h1 class=\"wp-block-heading alignwide\" style=\"padding-top:0;padding-bottom:var(--wp--preset--spacing--20)\">Contactez-nous<\/h1>\n\n\n\n<h2 class=\"wp-block-heading\" style=\"font-size:clamp(17.905px, 1.119rem + ((1vw - 3.2px) * 0.901), 28px);font-style:normal;font-weight:600\">Laissez-nous un message<\/h2>\n<\/div>\n\n\n\n<div class=\"wp-block-group alignfull has-global-padding is-content-justification-center is-layout-constrained wp-container-core-group-is-layout-72f8e20a wp-block-group-is-layout-constrained\" style=\"padding-top:0;padding-right:0;padding-bottom:0;padding-left:0\">\n<div class=\"wp-block-columns is-layout-flex wp-container-core-columns-is-layout-28f84493 wp-block-columns-is-layout-flex\">\n<div class=\"wp-block-column is-layout-flow wp-block-column-is-layout-flow\" style=\"flex-basis:30%\"><\/div>\n\n\n\n<div class=\"wp-block-column is-layout-flow wp-block-column-is-layout-flow\" style=\"flex-basis:70%\">\n<div class=\"wp-block-group has-global-padding is-layout-constrained wp-container-core-group-is-layout-ed92f1a2 wp-block-group-is-layout-constrained\">\n<div class=\"wp-block-group has-border-color has-base-2-background-color has-background has-global-padding is-layout-constrained wp-container-core-group-is-layout-9597dc02 wp-block-group-is-layout-constrained\" style=\"border-color:#d1ccc5;border-width:1px;padding-top:var(--wp--preset--spacing--10);padding-right:var(--wp--preset--spacing--10);padding-bottom:var(--wp--preset--spacing--10);padding-left:var(--wp--preset--spacing--10)\">\n<div class=\"wp-block-contact-form-7-contact-form-selector\">\n<div class=\"wpcf7 no-js\" id=\"wpcf7-f32-o1\" lang=\"fr-FR\" dir=\"ltr\" data-wpcf7-id=\"32\">\n<div class=\"screen-reader-response\"><p role=\"status\" aria-live=\"polite\" aria-atomic=\"true\"><\/p> <ul><\/ul><\/div>\n<form action=\"\/fr\/wp-json\/wp\/v2\/pages\/33#wpcf7-f32-o1\" method=\"post\" class=\"wpcf7-form init\" aria-label=\"Contact form\" novalidate=\"novalidate\" data-status=\"init\">\n<fieldset class=\"hidden-fields-container\"><input type=\"hidden\" name=\"_wpcf7\" value=\"32\" \/><input type=\"hidden\" name=\"_wpcf7_version\" value=\"6.1.5\" \/><input type=\"hidden\" name=\"_wpcf7_locale\" value=\"fr_FR\" \/><input type=\"hidden\" name=\"_wpcf7_unit_tag\" value=\"wpcf7-f32-o1\" \/><input type=\"hidden\" name=\"_wpcf7_container_post\" value=\"0\" \/><input type=\"hidden\" name=\"_wpcf7_posted_data_hash\" value=\"\" \/><input type=\"hidden\" name=\"_wpcf7_recaptcha_response\" value=\"\" \/>\n<\/fieldset>\n<div class=\"contact-form container p-0 m-0\">\n\t<div class=\"row\">\n\t\t<div class=\"col-md-12\">\n\t\t\t<h3>Envoyez nous un mail\n\t\t\t<\/h3>\n\t\t\t<p>Nous r\u00e9pondrons \u00e0 votre message dans un d\u00e9lai de 24 heures ou un jour ouvrable.\n\t\t\t<\/p>\n\t\t<\/div>\n\t<\/div>\n\t<div class=\"row align-items-start\">\n\t\t<div class=\"col-lg-6 col-md-12\">\n\t\t\t<p><label>Votre nom*<\/label><br \/>\n<span class=\"wpcf7-form-control-wrap\" data-name=\"name158\"><input size=\"40\" maxlength=\"400\" class=\"wpcf7-form-control wpcf7-text wpcf7-validates-as-required\" aria-required=\"true\" aria-invalid=\"false\" value=\"\" type=\"text\" name=\"name158\" \/><\/span>\n\t\t\t<\/p>\n\t\t<\/div>\n\t\t<div class=\"col-lg-6 col-md-12\">\n\t\t\t<p><label>Votre courriel*<\/label><br \/>\n<span class=\"wpcf7-form-control-wrap\" data-name=\"email158\"><input size=\"40\" maxlength=\"400\" class=\"wpcf7-form-control wpcf7-email wpcf7-validates-as-required wpcf7-text wpcf7-validates-as-email\" aria-required=\"true\" aria-invalid=\"false\" value=\"\" type=\"email\" name=\"email158\" \/><\/span>\n\t\t\t<\/p>\n\t\t<\/div>\n\t<\/div>\n\t<div class=\"row align-items-start\">\n\t\t<div class=\"col-lg-6 col-md-12\">\n\t\t\t<p><label>T\u00e9l\u00e9phone<\/label><br \/>\n<span class=\"wpcf7-form-control-wrap\" data-name=\"phone158\"><input size=\"40\" maxlength=\"400\" class=\"wpcf7-form-control wpcf7-tel wpcf7-text wpcf7-validates-as-tel\" aria-invalid=\"false\" value=\"\" type=\"tel\" name=\"phone158\" \/><\/span>\n\t\t\t<\/p>\n\t\t<\/div>\n\t\t<div class=\"col-lg-6 col-md-12\">\n\t\t\t<p><label>Objet de votre demande*<\/label><br \/>\n<span class=\"wpcf7-form-control-wrap\" data-name=\"subject158\"><input size=\"40\" maxlength=\"400\" class=\"wpcf7-form-control wpcf7-text wpcf7-validates-as-required\" aria-required=\"true\" aria-invalid=\"false\" value=\"\" type=\"text\" name=\"subject158\" \/><\/span>\n\t\t\t<\/p>\n\t\t<\/div>\n\t<\/div>\n\t<div class=\"row\">\n\t\t<div class=\"col-md-12\">\n\t\t\t<p><label>Votre message*<\/label><br \/>\n<span class=\"wpcf7-form-control-wrap\" data-name=\"message158\"><textarea cols=\"30\" rows=\"5\" maxlength=\"2000\" class=\"wpcf7-form-control wpcf7-textarea wpcf7-validates-as-required\" aria-required=\"true\" aria-invalid=\"false\" name=\"message158\"><\/textarea><\/span>\n\t\t\t<\/p>\n\t\t<\/div>\n\t<\/div>\n\t<div class=\"row\">\n\t\t<div class=\"col-md-12\">\n\t\t\t<p><span class=\"wpcf7-form-control-wrap\" data-name=\"acceptance-163\"><span class=\"wpcf7-form-control wpcf7-acceptance\"><span class=\"wpcf7-list-item\"><input type=\"checkbox\" name=\"acceptance-163\" value=\"1\" class=\"form-accept\" aria-invalid=\"false\" \/><\/span><\/span><\/span> En soumettant ce formulaire, j\u2019accepte que Para utilise les d\u00e9tails fournis ici pour r\u00e9pondre \u00e0 ma demande. <a class=\"base-anchor\" href=\"https:\/\/privacy.sherwin-williams.com\/privacy-policy\" target=\"_blank\">Nous valorisons votre vie priv\u00e9e<\/a>\n\t\t\t<\/p>\n\t\t<\/div>\n\t<\/div>\n\t<div class=\"row\">\n\t\t<div class=\"col-md-12\">\n\t\t\n\t\t<\/div>\n\t<\/div>\n\t<div class=\"row\">\n\t\t<div class=\"col-md-12 text-right btns-wrapper\">\n\t\t\t<div class=\"col-md-12\">\n\t\t\t\t<p class=\"row justify-content-md-end\"><span class=\"col-md-auto col-sm-auto\" style=\"max-width: 160px;\"><input class=\"wpcf7-form-control wpcf7-submit has-spinner\" type=\"submit\" value=\"Soumettre\" \/><\/span><br \/>\n<input type=\"reset\" class=\"col-md-auto col-sm-auto\" value=\"R\u00e9initialiser\" \/>\n\t\t\t\t<\/p>\n\t\t\t<\/div>\n\t\t<\/div>\n\t<\/div>\n<\/div><p style=\"display: none !important;\" class=\"akismet-fields-container\" data-prefix=\"_wpcf7_ak_\"><label>&#916;<textarea name=\"_wpcf7_ak_hp_textarea\" cols=\"45\" rows=\"8\" maxlength=\"100\"><\/textarea><\/label><input type=\"hidden\" id=\"ak_js_1\" name=\"_wpcf7_ak_js\" value=\"206\"\/><script>document.getElementById( \"ak_js_1\" ).setAttribute( \"value\", ( new Date() ).getTime() );<\/script><\/p><div class=\"wpcf7-response-output\" aria-hidden=\"true\"><\/div>\n<\/form>\n<\/div>\n<\/div>\n<\/div>\n<\/div>\n<\/div>\n<\/div>\n<\/div>\n<\/div>\n","protected":false},"excerpt":{"rendered":"<p>Contactez-nous Laissez-nous un message<\/p>\n","protected":false},"author":2,"featured_media":0,"parent":0,"menu_order":0,"comment_status":"closed","ping_status":"closed","template":"","meta":{"_acf_changed":false,"footnotes":""},"class_list":["post-33","page","type-page","status-publish","hentry"],"acf":[],"yoast_head":"<!-- This site is optimized with the Yoast SEO plugin v27.3 - https:\/\/yoast.com\/product\/yoast-seo-wordpress\/ -->\n<title>Contactez-nous - Para Paint (French)<\/title>\n<meta name=\"robots\" content=\"noindex, follow, max-snippet:-1, max-image-preview:large, max-video-preview:-1\" \/>\n<meta property=\"og:locale\" content=\"fr_FR\" \/>\n<meta property=\"og:type\" content=\"article\" \/>\n<meta property=\"og:title\" content=\"Contactez-nous - Para Paint (French)\" \/>\n<meta property=\"og:description\" content=\"Contactez-nous Laissez-nous un message\" \/>\n<meta property=\"og:url\" content=\"https:\/\/www.para.com\/fr\/contactez-nous\/\" \/>\n<meta property=\"og:site_name\" content=\"Para Paint (French)\" \/>\n<meta property=\"article:modified_time\" content=\"2025-02-04T12:59:57+00:00\" \/>\n<meta property=\"og:image\" content=\"https:\/\/www.para.com\/wp-content\/uploads\/2024\/12\/Para-Paint-Logo.png\" \/>\n\t<meta property=\"og:image:width\" content=\"200\" \/>\n\t<meta property=\"og:image:height\" content=\"75\" \/>\n\t<meta property=\"og:image:type\" content=\"image\/png\" \/>\n<meta name=\"twitter:card\" content=\"summary_large_image\" \/>\n<meta name=\"twitter:label1\" content=\"Est. reading time\" \/>\n\t<meta name=\"twitter:data1\" content=\"1 minute\" \/>\n<script type=\"application\/ld+json\" class=\"yoast-schema-graph\">{\"@context\":\"https:\\\/\\\/schema.org\",\"@graph\":[{\"@type\":\"WebPage\",\"@id\":\"https:\\\/\\\/www.para.com\\\/fr\\\/contactez-nous\\\/\",\"url\":\"https:\\\/\\\/www.para.com\\\/fr\\\/contactez-nous\\\/\",\"name\":\"Contactez-nous - Para Paint (French)\",\"isPartOf\":{\"@id\":\"https:\\\/\\\/www.para.com\\\/fr\\\/#website\"},\"datePublished\":\"2024-12-09T11:17:21+00:00\",\"dateModified\":\"2025-02-04T12:59:57+00:00\",\"breadcrumb\":{\"@id\":\"https:\\\/\\\/www.para.com\\\/fr\\\/contactez-nous\\\/#breadcrumb\"},\"inLanguage\":\"fr-FR\",\"potentialAction\":[{\"@type\":\"ReadAction\",\"target\":[\"https:\\\/\\\/www.para.com\\\/fr\\\/contactez-nous\\\/\"]}]},{\"@type\":\"BreadcrumbList\",\"@id\":\"https:\\\/\\\/www.para.com\\\/fr\\\/contactez-nous\\\/#breadcrumb\",\"itemListElement\":[{\"@type\":\"ListItem\",\"position\":1,\"name\":\"Home\",\"item\":\"https:\\\/\\\/www.para.com\\\/fr\\\/\"},{\"@type\":\"ListItem\",\"position\":2,\"name\":\"Contactez-nous\"}]},{\"@type\":\"WebSite\",\"@id\":\"https:\\\/\\\/www.para.com\\\/fr\\\/#website\",\"url\":\"https:\\\/\\\/www.para.com\\\/fr\\\/\",\"name\":\"Para Paint\",\"description\":\"Para Paint\",\"publisher\":{\"@id\":\"https:\\\/\\\/www.para.com\\\/fr\\\/#organization\"},\"potentialAction\":[{\"@type\":\"SearchAction\",\"target\":{\"@type\":\"EntryPoint\",\"urlTemplate\":\"https:\\\/\\\/www.para.com\\\/fr\\\/?s={search_term_string}\"},\"query-input\":{\"@type\":\"PropertyValueSpecification\",\"valueRequired\":true,\"valueName\":\"search_term_string\"}}],\"inLanguage\":\"fr-FR\"},{\"@type\":\"Organization\",\"@id\":\"https:\\\/\\\/www.para.com\\\/fr\\\/#organization\",\"name\":\"Sherwin Williams\",\"url\":\"https:\\\/\\\/www.para.com\\\/fr\\\/\",\"logo\":{\"@type\":\"ImageObject\",\"inLanguage\":\"fr-FR\",\"@id\":\"https:\\\/\\\/www.para.com\\\/fr\\\/#\\\/schema\\\/logo\\\/image\\\/\",\"url\":\"https:\\\/\\\/www.para.com\\\/wp-content\\\/uploads\\\/2024\\\/12\\\/Para-Paint-Logo.png\",\"contentUrl\":\"https:\\\/\\\/www.para.com\\\/wp-content\\\/uploads\\\/2024\\\/12\\\/Para-Paint-Logo.png\",\"width\":200,\"height\":75,\"caption\":\"Sherwin Williams\"},\"image\":{\"@id\":\"https:\\\/\\\/www.para.com\\\/fr\\\/#\\\/schema\\\/logo\\\/image\\\/\"}}]}<\/script>\n<!-- \/ Yoast SEO plugin. -->","yoast_head_json":{"title":"Contactez-nous - Para Paint (French)","robots":{"index":"noindex","follow":"follow","max-snippet":"max-snippet:-1","max-image-preview":"max-image-preview:large","max-video-preview":"max-video-preview:-1"},"og_locale":"fr_FR","og_type":"article","og_title":"Contactez-nous - Para Paint (French)","og_description":"Contactez-nous Laissez-nous un message","og_url":"https:\/\/www.para.com\/fr\/contactez-nous\/","og_site_name":"Para Paint (French)","article_modified_time":"2025-02-04T12:59:57+00:00","og_image":[{"width":200,"height":75,"url":"https:\/\/www.para.com\/wp-content\/uploads\/2024\/12\/Para-Paint-Logo.png","type":"image\/png"}],"twitter_card":"summary_large_image","twitter_misc":{"Est. reading time":"1 minute"},"schema":{"@context":"https:\/\/schema.org","@graph":[{"@type":"WebPage","@id":"https:\/\/www.para.com\/fr\/contactez-nous\/","url":"https:\/\/www.para.com\/fr\/contactez-nous\/","name":"Contactez-nous - Para Paint (French)","isPartOf":{"@id":"https:\/\/www.para.com\/fr\/#website"},"datePublished":"2024-12-09T11:17:21+00:00","dateModified":"2025-02-04T12:59:57+00:00","breadcrumb":{"@id":"https:\/\/www.para.com\/fr\/contactez-nous\/#breadcrumb"},"inLanguage":"fr-FR","potentialAction":[{"@type":"ReadAction","target":["https:\/\/www.para.com\/fr\/contactez-nous\/"]}]},{"@type":"BreadcrumbList","@id":"https:\/\/www.para.com\/fr\/contactez-nous\/#breadcrumb","itemListElement":[{"@type":"ListItem","position":1,"name":"Home","item":"https:\/\/www.para.com\/fr\/"},{"@type":"ListItem","position":2,"name":"Contactez-nous"}]},{"@type":"WebSite","@id":"https:\/\/www.para.com\/fr\/#website","url":"https:\/\/www.para.com\/fr\/","name":"Para Paint","description":"Para Paint","publisher":{"@id":"https:\/\/www.para.com\/fr\/#organization"},"potentialAction":[{"@type":"SearchAction","target":{"@type":"EntryPoint","urlTemplate":"https:\/\/www.para.com\/fr\/?s={search_term_string}"},"query-input":{"@type":"PropertyValueSpecification","valueRequired":true,"valueName":"search_term_string"}}],"inLanguage":"fr-FR"},{"@type":"Organization","@id":"https:\/\/www.para.com\/fr\/#organization","name":"Sherwin Williams","url":"https:\/\/www.para.com\/fr\/","logo":{"@type":"ImageObject","inLanguage":"fr-FR","@id":"https:\/\/www.para.com\/fr\/#\/schema\/logo\/image\/","url":"https:\/\/www.para.com\/wp-content\/uploads\/2024\/12\/Para-Paint-Logo.png","contentUrl":"https:\/\/www.para.com\/wp-content\/uploads\/2024\/12\/Para-Paint-Logo.png","width":200,"height":75,"caption":"Sherwin Williams"},"image":{"@id":"https:\/\/www.para.com\/fr\/#\/schema\/logo\/image\/"}}]}},"_links":{"self":[{"href":"https:\/\/www.para.com\/fr\/wp-json\/wp\/v2\/pages\/33","targetHints":{"allow":["GET"]}}],"collection":[{"href":"https:\/\/www.para.com\/fr\/wp-json\/wp\/v2\/pages"}],"about":[{"href":"https:\/\/www.para.com\/fr\/wp-json\/wp\/v2\/types\/page"}],"author":[{"embeddable":true,"href":"https:\/\/www.para.com\/fr\/wp-json\/wp\/v2\/users\/2"}],"replies":[{"embeddable":true,"href":"https:\/\/www.para.com\/fr\/wp-json\/wp\/v2\/comments?post=33"}],"version-history":[{"count":0,"href":"https:\/\/www.para.com\/fr\/wp-json\/wp\/v2\/pages\/33\/revisions"}],"wp:attachment":[{"href":"https:\/\/www.para.com\/fr\/wp-json\/wp\/v2\/media?parent=33"}],"curies":[{"name":"wp","href":"https:\/\/api.w.org\/{rel}","templated":true}]}}